{"id":1820,"date":"2019-03-20T17:01:21","date_gmt":"2019-03-20T17:01:21","guid":{"rendered":"https:\/\/gofast-freightforwarding.unsitetoutdesuite.fr\/index.php\/nous-rejoindre\/"},"modified":"2019-04-16T13:34:42","modified_gmt":"2019-04-16T13:34:42","slug":"nous-rejoindre","status":"publish","type":"page","link":"https:\/\/gofast-freightforwarding.com\/index.php\/nous-rejoindre\/?lang=en","title":{"rendered":"Talents"},"content":{"rendered":"<div class=\"wpb-content-wrapper\"><p>[vc_row css_animation=\u00a0\u00bb\u00a0\u00bb row_type=\u00a0\u00bbrow\u00a0\u00bb use_row_as_full_screen_section=\u00a0\u00bbno\u00a0\u00bb type=\u00a0\u00bbgrid\u00a0\u00bb angled_section=\u00a0\u00bbno\u00a0\u00bb text_align=\u00a0\u00bbleft\u00a0\u00bb background_image_as_pattern=\u00a0\u00bbwithout_pattern\u00a0\u00bb z_index=\u00a0\u00bb\u00a0\u00bb background_color=\u00a0\u00bb#ffffff\u00a0\u00bb][vc_column][vc_column_text css=\u00a0\u00bb.vc_custom_1555421507646{margin-bottom: 30px !important;padding-top: 80px !important;}\u00a0\u00bb]GOFAST Freight Forwarding relies on its 200 employees to ensure your freight projects.<\/p>\n<p>GOFAST Freight Forwarding is committed in promoting equal opportunity and diversity that every employee can benefit from outlook to match its skills.[\/vc_column_text][vc_column_text css=\u00a0\u00bb.vc_custom_1555421539157{margin-bottom: 30px !important;}\u00a0\u00bb]<strong>If you want to integrate a family compa<\/strong><strong>ny, join us!<\/strong>[\/vc_column_text][\/vc_column][\/vc_row][vc_row css_animation=\u00a0\u00bb\u00a0\u00bb row_type=\u00a0\u00bbrow\u00a0\u00bb use_row_as_full_screen_section=\u00a0\u00bbno\u00a0\u00bb type=\u00a0\u00bbgrid\u00a0\u00bb angled_section=\u00a0\u00bbno\u00a0\u00bb text_align=\u00a0\u00bbleft\u00a0\u00bb background_image_as_pattern=\u00a0\u00bbwithout_pattern\u00a0\u00bb z_index=\u00a0\u00bb\u00a0\u00bb css=\u00a0\u00bb.vc_custom_1553676596579{padding-top: 50px !important;padding-bottom: 110px !important;}\u00a0\u00bb background_color=\u00a0\u00bb#ffffff\u00a0\u00bb][vc_column][vc_column_text css=\u00a0\u00bb.vc_custom_1555421569542{margin-bottom: 34px !important;}\u00a0\u00bb]<\/p>\n<h2>Our offers<\/h2>\n<p>[\/vc_column_text][vc_empty_space height=\u00a0\u00bb10px\u00a0\u00bb][vc_column_text]<\/p>\n<table style=\"width: 100%;\">\n<thead>\n<tr style=\"background-color: #000000; color: #ffffff; height: 60px;\">\n<td style=\"padding-left: 30px; text-align: left; vertical-align: middle;\"><strong>ANNONCES<\/strong><\/td>\n<td style=\"text-align: left; vertical-align: middle;\"><strong>LIEUX<\/strong><\/td>\n<td style=\"text-align: left; vertical-align: middle;\"><strong>DEPARTEMENT<\/strong><\/td>\n<td style=\"text-align: left; vertical-align: middle;\"><strong>DATE<\/strong><\/td>\n<\/tr>\n<\/thead>\n<tbody>\n<tr style=\"background-color: #f5f5f5; height: 60px;\">\n<td style=\"padding-left: 30px; text-align: left; vertical-align: middle;\">Sorry, no offers are available at the moment.<\/td>\n<td style=\"text-align: left; vertical-align: middle;\">&#8211;<\/td>\n<td style=\"text-align: left; vertical-align: middle;\">&#8211;<\/td>\n<td style=\"text-align: left; vertical-align: middle;\">&#8211;<\/td>\n<\/tr>\n<\/tbody>\n<\/table>\n<p>[\/vc_column_text][\/vc_column][\/vc_row][vc_row css_animation=\u00a0\u00bb\u00a0\u00bb row_type=\u00a0\u00bbrow\u00a0\u00bb use_row_as_full_screen_section=\u00a0\u00bbno\u00a0\u00bb type=\u00a0\u00bbgrid\u00a0\u00bb angled_section=\u00a0\u00bbno\u00a0\u00bb text_align=\u00a0\u00bbcenter\u00a0\u00bb background_image_as_pattern=\u00a0\u00bbwithout_pattern\u00a0\u00bb css=\u00a0\u00bb.vc_custom_1553619659231{padding-top: 50px !important;padding-bottom: 60px !important;background-color: #f5f5f5 !important;}\u00a0\u00bb z_index=\u00a0\u00bb\u00a0\u00bb background_color=\u00a0\u00bb#f5f5f5&Prime;][vc_column][vc_column_text css=\u00a0\u00bb.vc_custom_1555421630170{margin-bottom: 34px !important;}\u00a0\u00bb]<\/p>\n<h3 class=\"side-title\"><strong>Spontaneous application<\/strong><\/h3>\n<p>[\/vc_column_text][vc_column_text]<\/p>\n<div class=\"free_text\"><span style=\"color: #000000;\"><strong>Freight Forwarding \u00a0\u00a0<\/strong><\/span> | <strong> \u00a0\u00a0Tel +33 (0)1 80 90 70 80 \u00a0\u00a0<\/strong> |\u00a0<strong> \u00a0\u00a0Fax +33 (0)1 80 90 70 82 \u00a0\u00a0<\/strong> |\u00a0<a href=\"mailto:hello@gofast-freightforwarding.com\"> \u00a0\u00a0hello@gofast-freightforwarding.com \u00a0\u00a0<\/a><\/div>\n<p>[\/vc_column_text][\/vc_column][\/vc_row][vc_row css_animation=\u00a0\u00bb\u00a0\u00bb row_type=\u00a0\u00bbrow\u00a0\u00bb use_row_as_full_screen_section=\u00a0\u00bbno\u00a0\u00bb type=\u00a0\u00bbfull_width\u00a0\u00bb angled_section=\u00a0\u00bbno\u00a0\u00bb text_align=\u00a0\u00bbleft\u00a0\u00bb background_image_as_pattern=\u00a0\u00bbwithout_pattern\u00a0\u00bb z_index=\u00a0\u00bb\u00a0\u00bb][vc_column][qode_elements_holder background_color=\u00a0\u00bb#d03f2e\u00a0\u00bb number_of_columns=\u00a0\u00bbtwo_columns\u00a0\u00bb columns_proportion=\u00a0\u00bb66_33&Prime;][qode_elements_holder_item horizontal_alignment=\u00a0\u00bbcenter\u00a0\u00bb advanced_animations=\u00a0\u00bbno\u00a0\u00bb item_padding_1280_1440=\u00a0\u00bb80px 0px 80px 0px\u00a0\u00bb item_padding_1024_1280=\u00a0\u00bb70px 0px 70px 0px\u00a0\u00bb item_padding_768_1024=\u00a0\u00bb60px 0px 60px 0px\u00a0\u00bb item_padding_600_768=\u00a0\u00bb50px 0px 50px 0px\u00a0\u00bb item_padding_480_600=\u00a0\u00bb40px 0px 40px 0px\u00a0\u00bb item_padding_480=\u00a0\u00bb30px 0px 30px 0px\u00a0\u00bb item_padding=\u00a0\u00bb80px 0px 80px 0px\u00a0\u00bb][vc_column_text]<\/p>\n<p style=\"text-align: center;\"><span style=\"color: #ffffff; font-size: 18pt;\">CONTACT US,\u00a0<strong>WE TAKE CARE OF EVERYTHING !<\/strong><\/span><\/p>\n<p>[\/vc_column_text][\/qode_elements_holder_item][qode_elements_holder_item horizontal_alignment=\u00a0\u00bbcenter\u00a0\u00bb advanced_animations=\u00a0\u00bbno\u00a0\u00bb background_color=\u00a0\u00bb#c1162e\u00a0\u00bb item_padding_1280_1440=\u00a0\u00bb80px 0px 80px 0px\u00a0\u00bb item_padding_1024_1280=\u00a0\u00bb70px 0px 70px 0px\u00a0\u00bb item_padding_768_1024=\u00a0\u00bb60px 0px 60px 0px\u00a0\u00bb item_padding_600_768=\u00a0\u00bb50px 0px 50px 0px\u00a0\u00bb item_padding_480_600=\u00a0\u00bb40px 0px 40px 0px\u00a0\u00bb item_padding_480=\u00a0\u00bb30px 0px 30px 0px\u00a0\u00bb item_padding=\u00a0\u00bb80px 0px 80px 0px\u00a0\u00bb custom_class=\u00a0\u00bbtrianglecontact\u00a0\u00bb]<a  itemprop=\"url\" href=\"\" target=\"_self\" data-hover-background-color=\"#c0162e\" data-hover-border-color=\"#ffffff\" data-hover-color=\"#ffffff\" class=\"qbutton  medium center default\" style=\"color: #c0162e; border-color: #ffffff; font-weight: 600; font-size: 16px; letter-spacing: 2px; background-color:#ffffff;\">CONTACT US<\/a>[\/qode_elements_holder_item][\/qode_elements_holder][\/vc_column][\/vc_row]<\/p>\n<\/div>","protected":false},"excerpt":{"rendered":"<p>[vc_row css_animation=\u00a0\u00bb\u00a0\u00bb row_type=\u00a0\u00bbrow\u00a0\u00bb use_row_as_full_screen_section=\u00a0\u00bbno\u00a0\u00bb type=\u00a0\u00bbgrid\u00a0\u00bb angled_section=\u00a0\u00bbno\u00a0\u00bb text_align=\u00a0\u00bbleft\u00a0\u00bb background_image_as_pattern=\u00a0\u00bbwithout_pattern\u00a0\u00bb z_index=\u00a0\u00bb\u00a0\u00bb background_color=\u00a0\u00bb#ffffff\u00a0\u00bb][vc_column][vc_column_text css=\u00a0\u00bb.vc_custom_1555421507646{margin-bottom: 30px !important;padding-top: 80px !important;}\u00a0\u00bb]GOFAST Freight Forwarding relies on its 200 employees to ensure your freight projects. GOFAST Freight Forwarding is committed in promoting equal opportunity and diversity that every employee can benefit from outlook&#8230;<\/p>\n","protected":false},"author":1,"featured_media":0,"parent":0,"menu_order":0,"comment_status":"closed","ping_status":"closed","template":"full_width.php","meta":{"_exactmetrics_skip_tracking":false,"_exactmetrics_sitenote_active":false,"_exactmetrics_sitenote_note":"","_exactmetrics_sitenote_category":0,"jetpack_post_was_ever_published":false,"footnotes":""},"class_list":["post-1820","page","type-page","status-publish","hentry"],"yoast_head":"<!-- This site is optimized with the Yoast SEO plugin v27.4 - https:\/\/yoast.com\/product\/yoast-seo-wordpress\/ -->\n<title>Talents - GoFast Freight Forwarding<\/title>\n<meta name=\"robots\" content=\"index, follow, max-snippet:-1, max-image-preview:large, max-video-preview:-1\" \/>\n<link rel=\"canonical\" href=\"https:\/\/gofast-freightforwarding.com\/index.php\/nous-rejoindre\/?lang=en\" \/>\n<meta property=\"og:locale\" content=\"fr_FR\" \/>\n<meta property=\"og:type\" content=\"article\" \/>\n<meta property=\"og:title\" content=\"Talents - GoFast Freight Forwarding\" \/>\n<meta property=\"og:description\" content=\"[vc_row css_animation=\u00a0\u00bb\u00a0\u00bb row_type=\u00a0\u00bbrow\u00a0\u00bb use_row_as_full_screen_section=\u00a0\u00bbno\u00a0\u00bb type=\u00a0\u00bbgrid\u00a0\u00bb angled_section=\u00a0\u00bbno\u00a0\u00bb text_align=\u00a0\u00bbleft\u00a0\u00bb background_image_as_pattern=\u00a0\u00bbwithout_pattern\u00a0\u00bb z_index=\u00a0\u00bb\u00a0\u00bb background_color=\u00a0\u00bb#ffffff\u00a0\u00bb][vc_column][vc_column_text css=\u00a0\u00bb.vc_custom_1555421507646{margin-bottom: 30px !important;padding-top: 80px !important;}\u00a0\u00bb]GOFAST Freight Forwarding relies on its 200 employees to ensure your freight projects. GOFAST Freight Forwarding is committed in promoting equal opportunity and diversity that every employee can benefit from outlook...\" \/>\n<meta property=\"og:url\" content=\"https:\/\/gofast-freightforwarding.com\/index.php\/nous-rejoindre\/?lang=en\" \/>\n<meta property=\"og:site_name\" content=\"GoFast Freight Forwarding\" \/>\n<meta property=\"article:modified_time\" content=\"2019-04-16T13:34:42+00:00\" \/>\n<meta name=\"twitter:card\" content=\"summary_large_image\" \/>\n<meta name=\"twitter:label1\" content=\"Dur\u00e9e de lecture estim\u00e9e\" \/>\n\t<meta name=\"twitter:data1\" content=\"3 minutes\" \/>\n<script type=\"application\/ld+json\" class=\"yoast-schema-graph\">{\"@context\":\"https:\\\/\\\/schema.org\",\"@graph\":[{\"@type\":\"WebPage\",\"@id\":\"https:\\\/\\\/gofast-freightforwarding.com\\\/index.php\\\/nous-rejoindre\\\/?lang=en\",\"url\":\"https:\\\/\\\/gofast-freightforwarding.com\\\/index.php\\\/nous-rejoindre\\\/?lang=en\",\"name\":\"Talents - GoFast Freight Forwarding\",\"isPartOf\":{\"@id\":\"https:\\\/\\\/gofast-freightforwarding.com\\\/#website\"},\"datePublished\":\"2019-03-20T17:01:21+00:00\",\"dateModified\":\"2019-04-16T13:34:42+00:00\",\"breadcrumb\":{\"@id\":\"https:\\\/\\\/gofast-freightforwarding.com\\\/index.php\\\/nous-rejoindre\\\/?lang=en#breadcrumb\"},\"inLanguage\":\"fr-FR\",\"potentialAction\":[{\"@type\":\"ReadAction\",\"target\":[\"https:\\\/\\\/gofast-freightforwarding.com\\\/index.php\\\/nous-rejoindre\\\/?lang=en\"]}]},{\"@type\":\"BreadcrumbList\",\"@id\":\"https:\\\/\\\/gofast-freightforwarding.com\\\/index.php\\\/nous-rejoindre\\\/?lang=en#breadcrumb\",\"itemListElement\":[{\"@type\":\"ListItem\",\"position\":1,\"name\":\"Home\",\"item\":\"https:\\\/\\\/gofast-freightforwarding.com\\\/\"},{\"@type\":\"ListItem\",\"position\":2,\"name\":\"Talents\"}]},{\"@type\":\"WebSite\",\"@id\":\"https:\\\/\\\/gofast-freightforwarding.com\\\/#website\",\"url\":\"https:\\\/\\\/gofast-freightforwarding.com\\\/\",\"name\":\"GoFast Freight Forwarding\",\"description\":\"Nous b\u00e2tissons pour vous des solutions sur-mesure pour tous vos besoins logistiques\",\"publisher\":{\"@id\":\"https:\\\/\\\/gofast-freightforwarding.com\\\/#organization\"},\"potentialAction\":[{\"@type\":\"SearchAction\",\"target\":{\"@type\":\"EntryPoint\",\"urlTemplate\":\"https:\\\/\\\/gofast-freightforwarding.com\\\/?s={search_term_string}\"},\"query-input\":{\"@type\":\"PropertyValueSpecification\",\"valueRequired\":true,\"valueName\":\"search_term_string\"}}],\"inLanguage\":\"fr-FR\"},{\"@type\":\"Organization\",\"@id\":\"https:\\\/\\\/gofast-freightforwarding.com\\\/#organization\",\"name\":\"GoFast Freight Forwarding\",\"url\":\"https:\\\/\\\/gofast-freightforwarding.com\\\/\",\"logo\":{\"@type\":\"ImageObject\",\"inLanguage\":\"fr-FR\",\"@id\":\"https:\\\/\\\/gofast-freightforwarding.com\\\/#\\\/schema\\\/logo\\\/image\\\/\",\"url\":\"https:\\\/\\\/gofast-freightforwarding.com\\\/wp-content\\\/uploads\\\/2019\\\/04\\\/GoFast_Menu-02.svg\",\"contentUrl\":\"https:\\\/\\\/gofast-freightforwarding.com\\\/wp-content\\\/uploads\\\/2019\\\/04\\\/GoFast_Menu-02.svg\",\"width\":247,\"height\":100,\"caption\":\"GoFast Freight Forwarding\"},\"image\":{\"@id\":\"https:\\\/\\\/gofast-freightforwarding.com\\\/#\\\/schema\\\/logo\\\/image\\\/\"},\"sameAs\":[\"https:\\\/\\\/fr.linkedin.com\\\/company\\\/gofast-freight-forwarding\"]}]}<\/script>\n<!-- \/ Yoast SEO plugin. -->","yoast_head_json":{"title":"Talents - GoFast Freight Forwarding","robots":{"index":"index","follow":"follow","max-snippet":"max-snippet:-1","max-image-preview":"max-image-preview:large","max-video-preview":"max-video-preview:-1"},"canonical":"https:\/\/gofast-freightforwarding.com\/index.php\/nous-rejoindre\/?lang=en","og_locale":"fr_FR","og_type":"article","og_title":"Talents - GoFast Freight Forwarding","og_description":"[vc_row css_animation=\u00a0\u00bb\u00a0\u00bb row_type=\u00a0\u00bbrow\u00a0\u00bb use_row_as_full_screen_section=\u00a0\u00bbno\u00a0\u00bb type=\u00a0\u00bbgrid\u00a0\u00bb angled_section=\u00a0\u00bbno\u00a0\u00bb text_align=\u00a0\u00bbleft\u00a0\u00bb background_image_as_pattern=\u00a0\u00bbwithout_pattern\u00a0\u00bb z_index=\u00a0\u00bb\u00a0\u00bb background_color=\u00a0\u00bb#ffffff\u00a0\u00bb][vc_column][vc_column_text css=\u00a0\u00bb.vc_custom_1555421507646{margin-bottom: 30px !important;padding-top: 80px !important;}\u00a0\u00bb]GOFAST Freight Forwarding relies on its 200 employees to ensure your freight projects. GOFAST Freight Forwarding is committed in promoting equal opportunity and diversity that every employee can benefit from outlook...","og_url":"https:\/\/gofast-freightforwarding.com\/index.php\/nous-rejoindre\/?lang=en","og_site_name":"GoFast Freight Forwarding","article_modified_time":"2019-04-16T13:34:42+00:00","twitter_card":"summary_large_image","twitter_misc":{"Dur\u00e9e de lecture estim\u00e9e":"3 minutes"},"schema":{"@context":"https:\/\/schema.org","@graph":[{"@type":"WebPage","@id":"https:\/\/gofast-freightforwarding.com\/index.php\/nous-rejoindre\/?lang=en","url":"https:\/\/gofast-freightforwarding.com\/index.php\/nous-rejoindre\/?lang=en","name":"Talents - GoFast Freight Forwarding","isPartOf":{"@id":"https:\/\/gofast-freightforwarding.com\/#website"},"datePublished":"2019-03-20T17:01:21+00:00","dateModified":"2019-04-16T13:34:42+00:00","breadcrumb":{"@id":"https:\/\/gofast-freightforwarding.com\/index.php\/nous-rejoindre\/?lang=en#breadcrumb"},"inLanguage":"fr-FR","potentialAction":[{"@type":"ReadAction","target":["https:\/\/gofast-freightforwarding.com\/index.php\/nous-rejoindre\/?lang=en"]}]},{"@type":"BreadcrumbList","@id":"https:\/\/gofast-freightforwarding.com\/index.php\/nous-rejoindre\/?lang=en#breadcrumb","itemListElement":[{"@type":"ListItem","position":1,"name":"Home","item":"https:\/\/gofast-freightforwarding.com\/"},{"@type":"ListItem","position":2,"name":"Talents"}]},{"@type":"WebSite","@id":"https:\/\/gofast-freightforwarding.com\/#website","url":"https:\/\/gofast-freightforwarding.com\/","name":"GoFast Freight Forwarding","description":"Nous b\u00e2tissons pour vous des solutions sur-mesure pour tous vos besoins logistiques","publisher":{"@id":"https:\/\/gofast-freightforwarding.com\/#organization"},"potentialAction":[{"@type":"SearchAction","target":{"@type":"EntryPoint","urlTemplate":"https:\/\/gofast-freightforwarding.com\/?s={search_term_string}"},"query-input":{"@type":"PropertyValueSpecification","valueRequired":true,"valueName":"search_term_string"}}],"inLanguage":"fr-FR"},{"@type":"Organization","@id":"https:\/\/gofast-freightforwarding.com\/#organization","name":"GoFast Freight Forwarding","url":"https:\/\/gofast-freightforwarding.com\/","logo":{"@type":"ImageObject","inLanguage":"fr-FR","@id":"https:\/\/gofast-freightforwarding.com\/#\/schema\/logo\/image\/","url":"https:\/\/gofast-freightforwarding.com\/wp-content\/uploads\/2019\/04\/GoFast_Menu-02.svg","contentUrl":"https:\/\/gofast-freightforwarding.com\/wp-content\/uploads\/2019\/04\/GoFast_Menu-02.svg","width":247,"height":100,"caption":"GoFast Freight Forwarding"},"image":{"@id":"https:\/\/gofast-freightforwarding.com\/#\/schema\/logo\/image\/"},"sameAs":["https:\/\/fr.linkedin.com\/company\/gofast-freight-forwarding"]}]}},"jetpack_sharing_enabled":true,"jetpack_shortlink":"https:\/\/wp.me\/PaOWzs-tm","jetpack-related-posts":[{"id":1798,"url":"https:\/\/gofast-freightforwarding.com\/index.php\/company\/a-propos\/?lang=en","url_meta":{"origin":1820,"position":0},"title":"GoFast Spirit","author":"admin","date":"mars 22, 2019","format":false,"excerpt":"[vc_row css_animation=\"\" row_type=\"row\" use_row_as_full_screen_section=\"no\" type=\"grid\" angled_section=\"no\" text_align=\"left\" background_image_as_pattern=\"without_pattern\" z_index=\"\"][vc_column][vc_empty_space height=\"80px\"][vc_column_text el_class=\"h1-sans-puce\"] GOFAST Spirit [\/vc_column_text][vc_empty_space height=\"60px\"][vc_column_text] GOFAST Freight Forwarding is the architect of your logistics solutions. [\/vc_column_text][vc_empty_space][vc_column_text] GOFAST Freight Forwarding focuses on supporting our clients\u2019 specific need by building creative and efficient logistics solutions for industrial projects. [\/vc_column_text][vc_empty_space height=\"50px\"][vc_row_inner row_type=\"row\" type=\"grid\"\u2026","rel":"","context":"Article similaire","block_context":{"text":"Article similaire","link":""},"img":{"alt_text":"","src":"","width":0,"height":0},"classes":[]},{"id":403,"url":"https:\/\/gofast-freightforwarding.com\/index.php\/entreprise\/a-propos\/","url_meta":{"origin":1820,"position":1},"title":"L&rsquo;Esprit GoFast","author":"admin","date":"mars 22, 2019","format":false,"excerpt":"[vc_row css_animation=\"\" row_type=\"row\" use_row_as_full_screen_section=\"no\" type=\"grid\" angled_section=\"no\" text_align=\"left\" background_image_as_pattern=\"without_pattern\" z_index=\"\"][vc_column][vc_empty_space height=\"80px\"][vc_column_text el_class=\"h1-sans-puce\"] L\u2019Esprit GOFAST [\/vc_column_text][vc_empty_space height=\"60px\"][vc_column_text] GOFAST Freight Forwarding est l\u2019architecte de vos solutions de transport de fret. [\/vc_column_text][vc_empty_space][vc_column_text] GOFAST Freight Forwarding accompagne ses clients en b\u00e2tissant des solutions logistiques cr\u00e9atives et efficaces pour les besoins sp\u00e9cifiques des projets industriels. [\/vc_column_text][vc_empty_space\u2026","rel":"","context":"Article similaire","block_context":{"text":"Article similaire","link":""},"img":{"alt_text":"","src":"","width":0,"height":0},"classes":[]},{"id":281,"url":"https:\/\/gofast-freightforwarding.com\/index.php\/talents\/","url_meta":{"origin":1820,"position":2},"title":"Talents","author":"admin","date":"mars 20, 2019","format":false,"excerpt":"[vc_row css_animation=\"\" row_type=\"row\" use_row_as_full_screen_section=\"no\" type=\"grid\" angled_section=\"no\" text_align=\"left\" background_image_as_pattern=\"without_pattern\" z_index=\"\" background_color=\"#ffffff\"][vc_column][vc_empty_space height=\"10px\"][vc_column_text css=\".vc_custom_1554111889461{margin-bottom: 34px !important;}\"] Nous rejoindre [\/vc_column_text][vc_column_text css=\".vc_custom_1553616373475{margin-bottom: 30px !important;padding-top: 80px !important;}\"]\u00c0 l\u2019international, GOFAST\u00a0Freight Forwarding\u00a0s\u2019appuie sur ses 200\u00a0collaborateurs pour assurer vos projets de fret. En tant qu\u2019entreprise responsable, GOFAST Freight Forwarding\u00a0s\u2019engage \u00e0 promouvoir l\u2019\u00e9galit\u00e9 des\u00a0chances et la diversit\u00e9 pour que\u2026","rel":"","context":"Article similaire","block_context":{"text":"Article similaire","link":""},"img":{"alt_text":"","src":"","width":0,"height":0},"classes":[]},{"id":1803,"url":"https:\/\/gofast-freightforwarding.com\/index.php\/expertises\/?lang=en","url_meta":{"origin":1820,"position":3},"title":"Expertises","author":"admin","date":"mars 20, 2019","format":false,"excerpt":"[vc_row css_animation=\"\" row_type=\"row\" use_row_as_full_screen_section=\"no\" type=\"grid\" angled_section=\"no\" text_align=\"left\" background_image_as_pattern=\"without_pattern\" z_index=\"\"][vc_column][vc_empty_space height=\"70px\"][vc_column_text el_class=\"h1-sans-puce\"] The GOFAST Freight Forwarding Uniqueness [\/vc_column_text][vc_empty_space height=\"50px\"][vc_column_text]We are architects\u00a0:\u00a0Based on our experience and unique freight forwarding management expertise, our constant challenge is to build creative and innovative logistics solutions in order to provide the best in terms of both\u2026","rel":"","context":"Article similaire","block_context":{"text":"Article similaire","link":""},"img":{"alt_text":"","src":"","width":0,"height":0},"classes":[]},{"id":1000,"url":"https:\/\/gofast-freightforwarding.com\/index.php\/technico-commercial-hf\/","url_meta":{"origin":1820,"position":4},"title":"Technico-commercial logistique et transit (H\/F)","author":"admin","date":"mars 28, 2019","format":false,"excerpt":"[vc_row css_animation=\"\" row_type=\"row\" use_row_as_full_screen_section=\"no\" type=\"grid\" angled_section=\"no\" text_align=\"left\" background_image_as_pattern=\"without_pattern\" z_index=\"\" background_color=\"#ffffff\" css=\".vc_custom_1553783397354{padding-top: 80px !important;}\"][vc_column][vc_column_text el_class=\"h1-sans-puce\"] TECHNICO-COMMERCIAL LOGITIQUE ET TRANSIT (H\/F) [\/vc_column_text][vc_empty_space][vc_column_text]GoFast Logistique Transit, bas\u00e9e sur l\u2019ensemble du territoire alg\u00e9rien assure la r\u00e9ception de fret, ainsi que toutes les op\u00e9rations traditionnelles de douane, de transit maritime, a\u00e9rien et de livraison sur site.[\/vc_column_text][vc_empty_space][vc_column_text]Dans\u2026","rel":"","context":"Article similaire","block_context":{"text":"Article similaire","link":""},"img":{"alt_text":"","src":"","width":0,"height":0},"classes":[]},{"id":248,"url":"https:\/\/gofast-freightforwarding.com\/index.php\/expertises\/","url_meta":{"origin":1820,"position":5},"title":"Expertises","author":"admin","date":"mars 20, 2019","format":false,"excerpt":"[vc_row css_animation=\"\" row_type=\"row\" use_row_as_full_screen_section=\"no\" type=\"grid\" angled_section=\"no\" text_align=\"left\" background_image_as_pattern=\"without_pattern\" z_index=\"\"][vc_column][vc_empty_space height=\"70px\"][vc_column_text el_class=\"h1-sans-puce\"] La singularit\u00e9 GOFAST Freight Forwarding [\/vc_column_text][vc_empty_space height=\"50px\"][vc_column_text]COMME DES ARCHITECTES\u00a0:\u00a0Bas\u00e9 sur notre exp\u00e9rience et notre expertise unique dans le management de fret, notre d\u00e9fi r\u00e9side constamment dans la construction de solutions logistiques cr\u00e9atives et innovantes afin de fournir le meilleur\u2026","rel":"","context":"Article similaire","block_context":{"text":"Article similaire","link":""},"img":{"alt_text":"","src":"","width":0,"height":0},"classes":[]}],"_links":{"self":[{"href":"https:\/\/gofast-freightforwarding.com\/index.php\/wp-json\/wp\/v2\/pages\/1820","targetHints":{"allow":["GET"]}}],"collection":[{"href":"https:\/\/gofast-freightforwarding.com\/index.php\/wp-json\/wp\/v2\/pages"}],"about":[{"href":"https:\/\/gofast-freightforwarding.com\/index.php\/wp-json\/wp\/v2\/types\/page"}],"author":[{"embeddable":true,"href":"https:\/\/gofast-freightforwarding.com\/index.php\/wp-json\/wp\/v2\/users\/1"}],"replies":[{"embeddable":true,"href":"https:\/\/gofast-freightforwarding.com\/index.php\/wp-json\/wp\/v2\/comments?post=1820"}],"version-history":[{"count":3,"href":"https:\/\/gofast-freightforwarding.com\/index.php\/wp-json\/wp\/v2\/pages\/1820\/revisions"}],"predecessor-version":[{"id":1824,"href":"https:\/\/gofast-freightforwarding.com\/index.php\/wp-json\/wp\/v2\/pages\/1820\/revisions\/1824"}],"wp:attachment":[{"href":"https:\/\/gofast-freightforwarding.com\/index.php\/wp-json\/wp\/v2\/media?parent=1820"}],"curies":[{"name":"wp","href":"https:\/\/api.w.org\/{rel}","templated":true}]}}